{"id":663,"date":"2024-01-13T10:03:26","date_gmt":"2024-01-13T09:03:26","guid":{"rendered":"https:\/\/aumavet-veterinaire.fr\/?page_id=663"},"modified":"2024-07-12T11:30:51","modified_gmt":"2024-07-12T09:30:51","slug":"ophtalmologie","status":"publish","type":"page","link":"https:\/\/aumavet-veterinaire.fr\/index.php\/ophtalmologie\/","title":{"rendered":"Ophtalmologie"},"content":{"rendered":"\t\t<div data-elementor-type=\"wp-page\" data-elementor-id=\"663\" class=\"elementor elementor-663\">\n\t\t\t\t\t\t<section class=\"elementor-section elementor-top-section elementor-element elementor-element-03f3524 elementor-hidden-mobile elementor-section-boxed elementor-section-height-default elementor-section-height-default elementor-invisible\" data-id=\"03f3524\" data-element_type=\"section\" data-e-type=\"section\" data-settings=\"{&quot;background_background&quot;:&quot;classic&quot;,&quot;animation&quot;:&quot;fadeIn&quot;}\">\n\t\t\t\t\t\t<div class=\"elementor-container elementor-column-gap-default\">\n\t\t\t\t\t<div class=\"elementor-column elementor-col-100 elementor-top-column elementor-element elementor-element-578c31b\" data-id=\"578c31b\" data-element_type=\"column\" data-e-type=\"column\">\n\t\t\t<div class=\"elementor-widget-wrap elementor-element-populated\">\n\t\t\t\t\t\t<div class=\"elementor-element elementor-element-e657196 elementor-widget__width-inherit animated-slow elementor-invisible elementor-widget elementor-widget-image\" data-id=\"e657196\" data-element_type=\"widget\" data-e-type=\"widget\" data-settings=\"{&quot;_animation&quot;:&quot;fadeIn&quot;,&quot;_animation_delay&quot;:1300}\" data-widget_type=\"image.default\">\n\t\t\t\t<div class=\"elementor-widget-container\">\n\t\t\t\t\t\t\t\t\t\t\t\t\t\t\t<img fetchpriority=\"high\" decoding=\"async\" width=\"300\" height=\"191\" src=\"https:\/\/aumavet-veterinaire.fr\/wp-content\/uploads\/2023\/06\/logo-p-a-01-300x191.jpg\" class=\"attachment-medium size-medium wp-image-16\" alt=\"\" srcset=\"https:\/\/aumavet-veterinaire.fr\/wp-content\/uploads\/2023\/06\/logo-p-a-01-300x191.jpg 300w, https:\/\/aumavet-veterinaire.fr\/wp-content\/uploads\/2023\/06\/logo-p-a-01.jpg 625w\" sizes=\"(max-width: 300px) 100vw, 300px\" \/>\t\t\t\t\t\t\t\t\t\t\t\t\t\t\t<\/div>\n\t\t\t\t<\/div>\n\t\t\t\t\t<\/div>\n\t\t<\/div>\n\t\t\t\t\t<\/div>\n\t\t<\/section>\n\t\t\t\t<section class=\"elementor-section elementor-top-section elementor-element elementor-element-aec1cae elementor-section-boxed elementor-section-height-default elementor-section-height-default\" data-id=\"aec1cae\" data-element_type=\"section\" data-e-type=\"section\">\n\t\t\t\t\t\t<div class=\"elementor-container elementor-column-gap-default\">\n\t\t\t\t\t<div class=\"elementor-column elementor-col-100 elementor-top-column elementor-element elementor-element-973c020\" data-id=\"973c020\" data-element_type=\"column\" data-e-type=\"column\">\n\t\t\t<div class=\"elementor-widget-wrap elementor-element-populated\">\n\t\t\t\t\t\t<div class=\"elementor-element elementor-element-be4e650 elementor-widget__width-initial elementor-widget elementor-widget-image\" data-id=\"be4e650\" data-element_type=\"widget\" data-e-type=\"widget\" data-widget_type=\"image.default\">\n\t\t\t\t<div class=\"elementor-widget-container\">\n\t\t\t\t\t\t\t\t\t\t\t\t\t\t\t<img decoding=\"async\" width=\"319\" height=\"319\" src=\"https:\/\/aumavet-veterinaire.fr\/wp-content\/uploads\/2023\/06\/PICTO-ophtalmologie-01.jpg\" class=\"attachment-large size-large wp-image-24\" alt=\"\" srcset=\"https:\/\/aumavet-veterinaire.fr\/wp-content\/uploads\/2023\/06\/PICTO-ophtalmologie-01.jpg 319w, https:\/\/aumavet-veterinaire.fr\/wp-content\/uploads\/2023\/06\/PICTO-ophtalmologie-01-300x300.jpg 300w, https:\/\/aumavet-veterinaire.fr\/wp-content\/uploads\/2023\/06\/PICTO-ophtalmologie-01-150x150.jpg 150w\" sizes=\"(max-width: 319px) 100vw, 319px\" \/>\t\t\t\t\t\t\t\t\t\t\t\t\t\t\t<\/div>\n\t\t\t\t<\/div>\n\t\t\t\t\t<\/div>\n\t\t<\/div>\n\t\t\t\t\t<\/div>\n\t\t<\/section>\n\t\t\t\t<section class=\"elementor-section elementor-top-section elementor-element elementor-element-ee7186c elementor-section-boxed elementor-section-height-default elementor-section-height-default\" data-id=\"ee7186c\" data-element_type=\"section\" data-e-type=\"section\">\n\t\t\t\t\t\t<div class=\"elementor-container elementor-column-gap-default\">\n\t\t\t\t\t<div class=\"elementor-column elementor-col-50 elementor-top-column elementor-element elementor-element-7a1f774\" data-id=\"7a1f774\" data-element_type=\"column\" data-e-type=\"column\">\n\t\t\t<div class=\"elementor-widget-wrap elementor-element-populated\">\n\t\t\t\t\t\t<div class=\"elementor-element elementor-element-2caa877 elementor-invisible elementor-widget elementor-widget-heading\" data-id=\"2caa877\" data-element_type=\"widget\" data-e-type=\"widget\" data-settings=\"{&quot;_animation&quot;:&quot;fadeIn&quot;,&quot;_animation_delay&quot;:500}\" data-widget_type=\"heading.default\">\n\t\t\t\t<div class=\"elementor-widget-container\">\n\t\t\t\t\t<h2 class=\"elementor-heading-title elementor-size-default\">Ophtalmologie<\/h2>\t\t\t\t<\/div>\n\t\t\t\t<\/div>\n\t\t\t\t<div class=\"elementor-element elementor-element-2d3b344 elementor-invisible elementor-widget elementor-widget-heading\" data-id=\"2d3b344\" data-element_type=\"widget\" data-e-type=\"widget\" data-settings=\"{&quot;_animation&quot;:&quot;fadeIn&quot;,&quot;_animation_delay&quot;:500}\" data-widget_type=\"heading.default\">\n\t\t\t\t<div class=\"elementor-widget-container\">\n\t\t\t\t\t<h2 class=\"elementor-heading-title elementor-size-small\">CES ophtalmologie Dr Lambert<\/h2>\t\t\t\t<\/div>\n\t\t\t\t<\/div>\n\t\t\t\t<div class=\"elementor-element elementor-element-b341f5c elementor-invisible elementor-widget elementor-widget-text-editor\" data-id=\"b341f5c\" data-element_type=\"widget\" data-e-type=\"widget\" data-settings=\"{&quot;_animation&quot;:&quot;fadeInUp&quot;,&quot;_animation_delay&quot;:1200}\" data-widget_type=\"text-editor.default\">\n\t\t\t\t<div class=\"elementor-widget-container\">\n\t\t\t\t\t\t\t\t\t<ul><li>Gestion des pathologies courantes : conjonctivite \/ ulc\u00e8re \/ s\u00e9questre corn\u00e9en f\u00e9lin \/ k\u00e9ratite s\u00e8che \/ k\u00e9ratite chronique du Berger Allemand \/ glauc\u00f4me \/ uv\u00e9ite&#8230;<\/li><\/ul><p>\u00a0<\/p><ul><li>Gestion chirurgicale sous microscope op\u00e9ratoire : cils \u00e9ctopiques \/ luxation de la glande nicitante \/ entropion \/ ulc\u00e8re chronique de la corn\u00e9e \/ ulc\u00e8re corn\u00e9en profond&#8230;<\/li><\/ul>\t\t\t\t\t\t\t\t<\/div>\n\t\t\t\t<\/div>\n\t\t\t\t<div class=\"elementor-element elementor-element-86caef3 elementor-align-right elementor-widget__width-initial elementor-fixed elementor-hidden-mobile elementor-widget elementor-widget-button\" data-id=\"86caef3\" data-element_type=\"widget\" data-e-type=\"widget\" data-settings=\"{&quot;_position&quot;:&quot;fixed&quot;}\" data-widget_type=\"button.default\">\n\t\t\t\t<div class=\"elementor-widget-container\">\n\t\t\t\t\t\t\t\t\t<div class=\"elementor-button-wrapper\">\n\t\t\t\t\t<a class=\"elementor-button elementor-button-link elementor-size-sm\" href=\"https:\/\/aumavet-veterinaire.fr\/index.php\/nos-services\/\">\n\t\t\t\t\t\t<span class=\"elementor-button-content-wrapper\">\n\t\t\t\t\t\t<span class=\"elementor-button-icon\">\n\t\t\t\t<i aria-hidden=\"true\" class=\"fas fa-chevron-left\"><\/i>\t\t\t<\/span>\n\t\t\t\t\t\t\t\t\t<span class=\"elementor-button-text\">Retour \u00e0 la pr\u00e9sentation de nos services<\/span>\n\t\t\t\t\t<\/span>\n\t\t\t\t\t<\/a>\n\t\t\t\t<\/div>\n\t\t\t\t\t\t\t\t<\/div>\n\t\t\t\t<\/div>\n\t\t\t\t<div class=\"elementor-element elementor-element-86211d3 elementor-invisible elementor-widget elementor-widget-image\" data-id=\"86211d3\" data-element_type=\"widget\" data-e-type=\"widget\" data-settings=\"{&quot;_animation&quot;:&quot;fadeInLeft&quot;}\" data-widget_type=\"image.default\">\n\t\t\t\t<div class=\"elementor-widget-container\">\n\t\t\t\t\t\t\t\t\t\t\t\t\t\t\t<img decoding=\"async\" width=\"1024\" height=\"683\" src=\"https:\/\/aumavet-veterinaire.fr\/wp-content\/uploads\/2024\/01\/ophtalmologie-im-1024x683.jpg\" class=\"attachment-large size-large wp-image-665\" alt=\"\" srcset=\"https:\/\/aumavet-veterinaire.fr\/wp-content\/uploads\/2024\/01\/ophtalmologie-im-1024x683.jpg 1024w, https:\/\/aumavet-veterinaire.fr\/wp-content\/uploads\/2024\/01\/ophtalmologie-im-300x200.jpg 300w, https:\/\/aumavet-veterinaire.fr\/wp-content\/uploads\/2024\/01\/ophtalmologie-im-768x512.jpg 768w, https:\/\/aumavet-veterinaire.fr\/wp-content\/uploads\/2024\/01\/ophtalmologie-im-1536x1024.jpg 1536w, https:\/\/aumavet-veterinaire.fr\/wp-content\/uploads\/2024\/01\/ophtalmologie-im-2048x1365.jpg 2048w\" sizes=\"(max-width: 1024px) 100vw, 1024px\" \/>\t\t\t\t\t\t\t\t\t\t\t\t\t\t\t<\/div>\n\t\t\t\t<\/div>\n\t\t\t\t\t<\/div>\n\t\t<\/div>\n\t\t\t\t<div class=\"elementor-column elementor-col-50 elementor-top-column elementor-element elementor-element-2ac1c96\" data-id=\"2ac1c96\" data-element_type=\"column\" data-e-type=\"column\">\n\t\t\t<div class=\"elementor-widget-wrap elementor-element-populated\">\n\t\t\t\t\t\t<div class=\"elementor-element elementor-element-cc4f0b9 elementor-invisible elementor-widget elementor-widget-image\" data-id=\"cc4f0b9\" data-element_type=\"widget\" data-e-type=\"widget\" data-settings=\"{&quot;_animation&quot;:&quot;fadeInLeft&quot;}\" data-widget_type=\"image.default\">\n\t\t\t\t<div class=\"elementor-widget-container\">\n\t\t\t\t\t\t\t\t\t\t\t\t\t\t\t<img decoding=\"async\" src=\"http:\/\/aumavet-veterinaire.fr\/wp-content\/uploads\/2024\/03\/ophtalmologie-im-03-01.jpg\" title=\"\" alt=\"\" loading=\"lazy\" \/>\t\t\t\t\t\t\t\t\t\t\t\t\t\t\t<\/div>\n\t\t\t\t<\/div>\n\t\t\t\t\t<\/div>\n\t\t<\/div>\n\t\t\t\t\t<\/div>\n\t\t<\/section>\n\t\t\t\t<section class=\"elementor-section elementor-top-section elementor-element elementor-element-a9348db elementor-section-boxed elementor-section-height-default elementor-section-height-default\" data-id=\"a9348db\" data-element_type=\"section\" data-e-type=\"section\">\n\t\t\t\t\t\t<div class=\"elementor-container elementor-column-gap-default\">\n\t\t\t\t\t<div class=\"elementor-column elementor-col-100 elementor-top-column elementor-element elementor-element-4b5efb3\" data-id=\"4b5efb3\" data-element_type=\"column\" data-e-type=\"column\">\n\t\t\t<div class=\"elementor-widget-wrap elementor-element-populated\">\n\t\t\t\t\t\t<div class=\"elementor-element elementor-element-f794922 elementor-widget elementor-widget-spacer\" data-id=\"f794922\" data-element_type=\"widget\" data-e-type=\"widget\" data-widget_type=\"spacer.default\">\n\t\t\t\t<div class=\"elementor-widget-container\">\n\t\t\t\t\t\t\t<div class=\"elementor-spacer\">\n\t\t\t<div class=\"elementor-spacer-inner\"><\/div>\n\t\t<\/div>\n\t\t\t\t\t\t<\/div>\n\t\t\t\t<\/div>\n\t\t\t\t\t<\/div>\n\t\t<\/div>\n\t\t\t\t\t<\/div>\n\t\t<\/section>\n\t\t\t\t<section class=\"elementor-section elementor-top-section elementor-element elementor-element-476908b elementor-section-full_width elementor-section-height-default elementor-section-height-default\" data-id=\"476908b\" data-element_type=\"section\" data-e-type=\"section\">\n\t\t\t\t\t\t<div class=\"elementor-container elementor-column-gap-default\">\n\t\t\t\t\t<div class=\"elementor-column elementor-col-33 elementor-top-column elementor-element elementor-element-15c17b76\" data-id=\"15c17b76\" data-element_type=\"column\" data-e-type=\"column\" data-settings=\"{&quot;background_background&quot;:&quot;classic&quot;}\">\n\t\t\t<div class=\"elementor-widget-wrap elementor-element-populated\">\n\t\t\t\t\t\t<div class=\"elementor-element elementor-element-75439232 elementor-widget elementor-widget-heading\" data-id=\"75439232\" data-element_type=\"widget\" data-e-type=\"widget\" data-widget_type=\"heading.default\">\n\t\t\t\t<div class=\"elementor-widget-container\">\n\t\t\t\t\t<h1 class=\"elementor-heading-title elementor-size-default\">La Clinique<\/h1>\t\t\t\t<\/div>\n\t\t\t\t<\/div>\n\t\t\t\t<div class=\"elementor-element elementor-element-14f9eefa e-transform elementor-widget elementor-widget-text-editor\" data-id=\"14f9eefa\" data-element_type=\"widget\" data-e-type=\"widget\" data-settings=\"{&quot;_transform_scale_effect_hover&quot;:{&quot;unit&quot;:&quot;px&quot;,&quot;size&quot;:1.1,&quot;sizes&quot;:[]},&quot;_transform_scale_effect_hover_tablet&quot;:{&quot;unit&quot;:&quot;px&quot;,&quot;size&quot;:&quot;&quot;,&quot;sizes&quot;:[]},&quot;_transform_scale_effect_hover_mobile&quot;:{&quot;unit&quot;:&quot;px&quot;,&quot;size&quot;:&quot;&quot;,&quot;sizes&quot;:[]}}\" data-widget_type=\"text-editor.default\">\n\t\t\t\t<div class=\"elementor-widget-container\">\n\t\t\t\t\t\t\t\t\t<p><a href=\"https:\/\/www.google.fr\/maps\/place\/CLINIQUE+VETERINAIRE+AUMAVET\/@45.3472052,5.3501514,17z\/data=!3m1!4b1!4m6!3m5!1s0x478adb12a2e2b03d:0x685bbaa39a54ce8c!8m2!3d45.3472015!4d5.3527263!16s%2Fg%2F11v190rylv?entry=ttu\">46 route de la Gare<\/a><\/p><p><a href=\"https:\/\/www.google.fr\/maps\/place\/CLINIQUE+VETERINAIRE+AUMAVET\/@45.3472052,5.3501514,17z\/data=!3m1!4b1!4m6!3m5!1s0x478adb12a2e2b03d:0x685bbaa39a54ce8c!8m2!3d45.3472015!4d5.3527263!16s%2Fg%2F11v190rylv?entry=ttu\">38590 &#8211; St ETIENNE DE St GEOIRS<\/a><\/p>\t\t\t\t\t\t\t\t<\/div>\n\t\t\t\t<\/div>\n\t\t\t\t<div class=\"elementor-element elementor-element-a456deb elementor-invisible elementor-widget elementor-widget-text-editor\" data-id=\"a456deb\" data-element_type=\"widget\" data-e-type=\"widget\" data-settings=\"{&quot;_animation&quot;:&quot;pulse&quot;,&quot;_animation_delay&quot;:500}\" data-widget_type=\"text-editor.default\">\n\t\t\t\t<div class=\"elementor-widget-container\">\n\t\t\t\t\t\t\t\t\t<p><strong>04 76 37 34 29<\/strong><\/p>\t\t\t\t\t\t\t\t<\/div>\n\t\t\t\t<\/div>\n\t\t\t\t<div class=\"elementor-element elementor-element-54544444 elementor-widget elementor-widget-text-editor\" data-id=\"54544444\" data-element_type=\"widget\" data-e-type=\"widget\" data-widget_type=\"text-editor.default\">\n\t\t\t\t<div class=\"elementor-widget-container\">\n\t\t\t\t\t\t\t\t\t<p><em>URGENCE en dehors des heures d&rsquo;ouverture au m\u00eame num\u00e9ro<\/em><\/p>\t\t\t\t\t\t\t\t<\/div>\n\t\t\t\t<\/div>\n\t\t\t\t<div class=\"elementor-element elementor-element-3f7755e7 e-transform elementor-widget elementor-widget-image\" data-id=\"3f7755e7\" data-element_type=\"widget\" data-e-type=\"widget\" data-settings=\"{&quot;_transform_scale_effect_hover&quot;:{&quot;unit&quot;:&quot;px&quot;,&quot;size&quot;:1.1,&quot;sizes&quot;:[]},&quot;_transform_scale_effect_hover_tablet&quot;:{&quot;unit&quot;:&quot;px&quot;,&quot;size&quot;:&quot;&quot;,&quot;sizes&quot;:[]},&quot;_transform_scale_effect_hover_mobile&quot;:{&quot;unit&quot;:&quot;px&quot;,&quot;size&quot;:&quot;&quot;,&quot;sizes&quot;:[]}}\" data-widget_type=\"image.default\">\n\t\t\t\t<div class=\"elementor-widget-container\">\n\t\t\t\t\t\t\t\t\t\t\t\t\t\t\t\t<a href=\"https:\/\/m.facebook.com\/p\/Cabinet-V%C3%A9t%C3%A9rinaire-Aumavet-100094222626930\/\">\n\t\t\t\t\t\t\t<img loading=\"lazy\" decoding=\"async\" width=\"286\" height=\"76\" src=\"https:\/\/aumavet-veterinaire.fr\/wp-content\/uploads\/2024\/01\/logo-facebook-01-01.jpg\" class=\"attachment-large size-large wp-image-459\" alt=\"\" \/>\t\t\t\t\t\t\t\t<\/a>\n\t\t\t\t\t\t\t\t\t\t\t\t\t\t\t<\/div>\n\t\t\t\t<\/div>\n\t\t\t\t\t<\/div>\n\t\t<\/div>\n\t\t\t\t<div class=\"elementor-column elementor-col-33 elementor-top-column elementor-element elementor-element-43397cb1\" data-id=\"43397cb1\" data-element_type=\"column\" data-e-type=\"column\" data-settings=\"{&quot;background_background&quot;:&quot;classic&quot;}\">\n\t\t\t<div class=\"elementor-widget-wrap elementor-element-populated\">\n\t\t\t\t\t\t<div class=\"elementor-element elementor-element-12ee2970 elementor-widget elementor-widget-heading\" data-id=\"12ee2970\" data-element_type=\"widget\" data-e-type=\"widget\" data-widget_type=\"heading.default\">\n\t\t\t\t<div class=\"elementor-widget-container\">\n\t\t\t\t\t<h1 class=\"elementor-heading-title elementor-size-default\">Les Horaires<\/h1>\t\t\t\t<\/div>\n\t\t\t\t<\/div>\n\t\t\t\t<div class=\"elementor-element elementor-element-2f831391 elementor-widget__width-inherit elementor-widget elementor-widget-text-editor\" data-id=\"2f831391\" data-element_type=\"widget\" data-e-type=\"widget\" data-widget_type=\"text-editor.default\">\n\t\t\t\t<div class=\"elementor-widget-container\">\n\t\t\t\t\t\t\t\t\t<p>lundi&nbsp; &nbsp; &nbsp; &nbsp; &nbsp;8h30-12h00&nbsp; &nbsp; &nbsp; 14h00-19h00<\/p>\n<p>mardi&nbsp; &nbsp; &nbsp; &nbsp; 8h30-12h00&nbsp; &nbsp; &nbsp; 14h00-19h00<\/p>\n<p>mercredi&nbsp; &nbsp; 8h30-12h00&nbsp; &nbsp; &nbsp; 14h00-19h00<\/p>\n<p>jeudi<strong>&nbsp; &nbsp; &nbsp; &nbsp; &nbsp;<\/strong>8h30-12h00&nbsp; &nbsp; &nbsp; 14h00-19h00<\/p>\n<p>vendredi&nbsp; &nbsp; 8h30-12h00&nbsp; &nbsp; &nbsp; 14h00-19h00<\/p>\n<p>samedi&nbsp; &nbsp; &nbsp; 8h30-12h00&nbsp; &nbsp; &nbsp; &nbsp; &nbsp; &nbsp;ferm\u00e9&nbsp; &nbsp;&nbsp;<\/p>\n<p>dimanche&nbsp; &nbsp; &nbsp; &nbsp;ferm\u00e9&nbsp; &nbsp; &nbsp; &nbsp; &nbsp; &nbsp; &nbsp; &nbsp; &nbsp; &nbsp; &nbsp; &nbsp; &nbsp;&nbsp;<\/p>\t\t\t\t\t\t\t\t<\/div>\n\t\t\t\t<\/div>\n\t\t\t\t<div class=\"elementor-element elementor-element-564759c0 elementor-widget elementor-widget-image\" data-id=\"564759c0\" data-element_type=\"widget\" data-e-type=\"widget\" data-widget_type=\"image.default\">\n\t\t\t\t<div class=\"elementor-widget-container\">\n\t\t\t\t\t\t\t\t\t\t\t\t\t\t\t\t<a href=\"https:\/\/aumavet-veterinaire.fr\/index.php\/prendre-rendez-vous\/\">\n\t\t\t\t\t\t\t<img loading=\"lazy\" decoding=\"async\" width=\"300\" height=\"167\" src=\"https:\/\/aumavet-veterinaire.fr\/wp-content\/uploads\/2023\/06\/picto-aumavet-rendez-vous-PDP-01-300x167.jpg\" class=\"elementor-animation-grow attachment-medium size-medium wp-image-194\" alt=\"\" srcset=\"https:\/\/aumavet-veterinaire.fr\/wp-content\/uploads\/2023\/06\/picto-aumavet-rendez-vous-PDP-01-300x167.jpg 300w, https:\/\/aumavet-veterinaire.fr\/wp-content\/uploads\/2023\/06\/picto-aumavet-rendez-vous-PDP-01-e1687767271858.jpg 131w\" sizes=\"(max-width: 300px) 100vw, 300px\" \/>\t\t\t\t\t\t\t\t<\/a>\n\t\t\t\t\t\t\t\t\t\t\t\t\t\t\t<\/div>\n\t\t\t\t<\/div>\n\t\t\t\t\t<\/div>\n\t\t<\/div>\n\t\t\t\t<div class=\"elementor-column elementor-col-33 elementor-top-column elementor-element elementor-element-3669bb78\" data-id=\"3669bb78\" data-element_type=\"column\" data-e-type=\"column\" data-settings=\"{&quot;background_background&quot;:&quot;classic&quot;}\">\n\t\t\t<div class=\"elementor-widget-wrap elementor-element-populated\">\n\t\t\t\t\t\t<div class=\"elementor-element elementor-element-7c9a47d elementor-widget__width-initial elementor-widget elementor-widget-heading\" data-id=\"7c9a47d\" data-element_type=\"widget\" data-e-type=\"widget\" data-widget_type=\"heading.default\">\n\t\t\t\t<div class=\"elementor-widget-container\">\n\t\t\t\t\t<h1 class=\"elementor-heading-title elementor-size-default\">La Boutique en ligne<\/h1>\t\t\t\t<\/div>\n\t\t\t\t<\/div>\n\t\t\t\t<div class=\"elementor-element elementor-element-32dc2d04 elementor-widget elementor-widget-text-editor\" data-id=\"32dc2d04\" data-element_type=\"widget\" data-e-type=\"widget\" data-widget_type=\"text-editor.default\">\n\t\t\t\t<div class=\"elementor-widget-container\">\n\t\t\t\t\t\t\t\t\t<p>Retrouvez notre boutique en ligne<br \/>avec des aliments et produits v\u00e9t\u00e9rinaires<br \/>pour vos animaux de compagnie.<\/p>\t\t\t\t\t\t\t\t<\/div>\n\t\t\t\t<\/div>\n\t\t\t\t<div class=\"elementor-element elementor-element-5818f591 e-transform elementor-widget elementor-widget-image\" data-id=\"5818f591\" data-element_type=\"widget\" data-e-type=\"widget\" data-settings=\"{&quot;_transform_scale_effect_hover&quot;:{&quot;unit&quot;:&quot;px&quot;,&quot;size&quot;:1.1,&quot;sizes&quot;:[]},&quot;_transform_scale_effect_hover_tablet&quot;:{&quot;unit&quot;:&quot;px&quot;,&quot;size&quot;:&quot;&quot;,&quot;sizes&quot;:[]},&quot;_transform_scale_effect_hover_mobile&quot;:{&quot;unit&quot;:&quot;px&quot;,&quot;size&quot;:&quot;&quot;,&quot;sizes&quot;:[]}}\" data-widget_type=\"image.default\">\n\t\t\t\t<div class=\"elementor-widget-container\">\n\t\t\t\t\t\t\t\t\t\t\t\t\t\t\t\t<a href=\"https:\/\/aumavet-veterinaire.fr\/index.php\/la-boutique\/\">\n\t\t\t\t\t\t\t<img loading=\"lazy\" decoding=\"async\" width=\"204\" height=\"185\" src=\"https:\/\/aumavet-veterinaire.fr\/wp-content\/uploads\/2023\/06\/picto-aumavet-boutique-PDP-v01-01.jpg\" class=\"elementor-animation-grow attachment-medium size-medium wp-image-199\" alt=\"\" \/>\t\t\t\t\t\t\t\t<\/a>\n\t\t\t\t\t\t\t\t\t\t\t\t\t\t\t<\/div>\n\t\t\t\t<\/div>\n\t\t\t\t\t<\/div>\n\t\t<\/div>\n\t\t\t\t\t<\/div>\n\t\t<\/section>\n\t\t\t\t<\/div>\n\t\t","protected":false},"excerpt":{"rendered":"<p>Ophtalmologie CES ophtalmologie Dr Lambert Gestion des pathologies courantes : conjonctivite \/ ulc\u00e8re \/ s\u00e9questre corn\u00e9en f\u00e9lin \/ k\u00e9ratite s\u00e8che \/ k\u00e9ratite chronique du Berger Allemand \/ glauc\u00f4me \/ uv\u00e9ite&#8230; \u00a0 Gestion chirurgicale sous microscope op\u00e9ratoire : cils \u00e9ctopiques \/ luxation de la glande nicitante \/ entropion \/ ulc\u00e8re chronique de la corn\u00e9e \/ ulc\u00e8re [&hellip;]<\/p>\n","protected":false},"author":1,"featured_media":0,"parent":0,"menu_order":0,"comment_status":"closed","ping_status":"closed","template":"","meta":{"ocean_post_layout":"","ocean_both_sidebars_style":"","ocean_both_sidebars_content_width":0,"ocean_both_sidebars_sidebars_width":0,"ocean_sidebar":"","ocean_second_sidebar":"","ocean_disable_margins":"enable","ocean_add_body_class":"","ocean_shortcode_before_top_bar":"","ocean_shortcode_after_top_bar":"","ocean_shortcode_before_header":"","ocean_shortcode_after_header":"","ocean_has_shortcode":"","ocean_shortcode_after_title":"","ocean_shortcode_before_footer_widgets":"","ocean_shortcode_after_footer_widgets":"","ocean_shortcode_before_footer_bottom":"","ocean_shortcode_after_footer_bottom":"","ocean_display_top_bar":"default","ocean_display_header":"default","ocean_header_style":"","ocean_center_header_left_menu":"","ocean_custom_header_template":"","ocean_custom_logo":0,"ocean_custom_retina_logo":0,"ocean_custom_logo_max_width":0,"ocean_custom_logo_tablet_max_width":0,"ocean_custom_logo_mobile_max_width":0,"ocean_custom_logo_max_height":0,"ocean_custom_logo_tablet_max_height":0,"ocean_custom_logo_mobile_max_height":0,"ocean_header_custom_menu":"","ocean_menu_typo_font_family":"","ocean_menu_typo_font_subset":"","ocean_menu_typo_font_size":0,"ocean_menu_typo_font_size_tablet":0,"ocean_menu_typo_font_size_mobile":0,"ocean_menu_typo_font_size_unit":"px","ocean_menu_typo_font_weight":"","ocean_menu_typo_font_weight_tablet":"","ocean_menu_typo_font_weight_mobile":"","ocean_menu_typo_transform":"","ocean_menu_typo_transform_tablet":"","ocean_menu_typo_transform_mobile":"","ocean_menu_typo_line_height":0,"ocean_menu_typo_line_height_tablet":0,"ocean_menu_typo_line_height_mobile":0,"ocean_menu_typo_line_height_unit":"","ocean_menu_typo_spacing":0,"ocean_menu_typo_spacing_tablet":0,"ocean_menu_typo_spacing_mobile":0,"ocean_menu_typo_spacing_unit":"","ocean_menu_link_color":"","ocean_menu_link_color_hover":"","ocean_menu_link_color_active":"","ocean_menu_link_background":"","ocean_menu_link_hover_background":"","ocean_menu_link_active_background":"","ocean_menu_social_links_bg":"","ocean_menu_social_hover_links_bg":"","ocean_menu_social_links_color":"","ocean_menu_social_hover_links_color":"","ocean_disable_title":"default","ocean_disable_heading":"default","ocean_post_title":"","ocean_post_subheading":"","ocean_post_title_style":"","ocean_post_title_background_color":"","ocean_post_title_background":0,"ocean_post_title_bg_image_position":"","ocean_post_title_bg_image_attachment":"","ocean_post_title_bg_image_repeat":"","ocean_post_title_bg_image_size":"","ocean_post_title_height":0,"ocean_post_title_bg_overlay":0.5,"ocean_post_title_bg_overlay_color":"","ocean_disable_breadcrumbs":"default","ocean_breadcrumbs_color":"","ocean_breadcrumbs_separator_color":"","ocean_breadcrumbs_links_color":"","ocean_breadcrumbs_links_hover_color":"","ocean_display_footer_widgets":"default","ocean_display_footer_bottom":"default","ocean_custom_footer_template":"","footnotes":""},"class_list":["post-663","page","type-page","status-publish","hentry","entry"],"_links":{"self":[{"href":"https:\/\/aumavet-veterinaire.fr\/index.php\/wp-json\/wp\/v2\/pages\/663","targetHints":{"allow":["GET"]}}],"collection":[{"href":"https:\/\/aumavet-veterinaire.fr\/index.php\/wp-json\/wp\/v2\/pages"}],"about":[{"href":"https:\/\/aumavet-veterinaire.fr\/index.php\/wp-json\/wp\/v2\/types\/page"}],"author":[{"embeddable":true,"href":"https:\/\/aumavet-veterinaire.fr\/index.php\/wp-json\/wp\/v2\/users\/1"}],"replies":[{"embeddable":true,"href":"https:\/\/aumavet-veterinaire.fr\/index.php\/wp-json\/wp\/v2\/comments?post=663"}],"version-history":[{"count":26,"href":"https:\/\/aumavet-veterinaire.fr\/index.php\/wp-json\/wp\/v2\/pages\/663\/revisions"}],"predecessor-version":[{"id":1268,"href":"https:\/\/aumavet-veterinaire.fr\/index.php\/wp-json\/wp\/v2\/pages\/663\/revisions\/1268"}],"wp:attachment":[{"href":"https:\/\/aumavet-veterinaire.fr\/index.php\/wp-json\/wp\/v2\/media?parent=663"}],"curies":[{"name":"wp","href":"https:\/\/api.w.org\/{rel}","templated":true}]}}