{"id":37,"date":"2023-06-20T22:17:46","date_gmt":"2023-06-20T20:17:46","guid":{"rendered":"http:\/\/aumavet-veterinaire.fr\/?page_id=37"},"modified":"2025-05-14T16:25:56","modified_gmt":"2025-05-14T14:25:56","slug":"la-boutique","status":"publish","type":"page","link":"https:\/\/aumavet-veterinaire.fr\/index.php\/la-boutique\/","title":{"rendered":"La Boutique"},"content":{"rendered":"\t\t<div data-elementor-type=\"wp-page\" data-elementor-id=\"37\" class=\"elementor elementor-37\">\n\t\t\t\t\t\t<section class=\"elementor-section elementor-top-section elementor-element elementor-element-d6e25e elementor-hidden-mobile elementor-section-boxed elementor-section-height-default elementor-section-height-default elementor-invisible\" data-id=\"d6e25e\" data-element_type=\"section\" data-e-type=\"section\" data-settings=\"{&quot;background_background&quot;:&quot;classic&quot;,&quot;animation&quot;:&quot;fadeIn&quot;}\">\n\t\t\t\t\t\t<div class=\"elementor-container elementor-column-gap-default\">\n\t\t\t\t\t<div class=\"elementor-column elementor-col-100 elementor-top-column elementor-element elementor-element-24420a68\" data-id=\"24420a68\" data-element_type=\"column\" data-e-type=\"column\">\n\t\t\t<div class=\"elementor-widget-wrap elementor-element-populated\">\n\t\t\t\t\t\t<div class=\"elementor-element elementor-element-45536a2c elementor-widget__width-inherit animated-slow elementor-invisible elementor-widget elementor-widget-image\" data-id=\"45536a2c\" data-element_type=\"widget\" data-e-type=\"widget\" data-settings=\"{&quot;_animation&quot;:&quot;fadeIn&quot;,&quot;_animation_delay&quot;:1300}\" data-widget_type=\"image.default\">\n\t\t\t\t<div class=\"elementor-widget-container\">\n\t\t\t\t\t\t\t\t\t\t\t\t\t\t\t<img fetchpriority=\"high\" decoding=\"async\" width=\"300\" height=\"191\" src=\"https:\/\/aumavet-veterinaire.fr\/wp-content\/uploads\/2023\/06\/logo-p-a-01-300x191.jpg\" class=\"attachment-medium size-medium wp-image-16\" alt=\"\" srcset=\"https:\/\/aumavet-veterinaire.fr\/wp-content\/uploads\/2023\/06\/logo-p-a-01-300x191.jpg 300w, https:\/\/aumavet-veterinaire.fr\/wp-content\/uploads\/2023\/06\/logo-p-a-01.jpg 625w\" sizes=\"(max-width: 300px) 100vw, 300px\" \/>\t\t\t\t\t\t\t\t\t\t\t\t\t\t\t<\/div>\n\t\t\t\t<\/div>\n\t\t\t\t\t<\/div>\n\t\t<\/div>\n\t\t\t\t\t<\/div>\n\t\t<\/section>\n\t\t\t\t<section class=\"elementor-section elementor-top-section elementor-element elementor-element-084ebe9 elementor-section-full_width elementor-section-height-full elementor-hidden-desktop elementor-hidden-tablet elementor-section-height-default elementor-section-items-middle\" data-id=\"084ebe9\" data-element_type=\"section\" data-e-type=\"section\">\n\t\t\t\t\t\t<div class=\"elementor-container elementor-column-gap-no\">\n\t\t\t\t\t<div class=\"elementor-column elementor-col-100 elementor-top-column elementor-element elementor-element-a9e54db elementor-hidden-desktop elementor-hidden-tablet\" data-id=\"a9e54db\" data-element_type=\"column\" data-e-type=\"column\">\n\t\t\t<div class=\"elementor-widget-wrap elementor-element-populated\">\n\t\t\t\t\t\t<div class=\"elementor-element elementor-element-d5529ae elementor-widget-mobile__width-initial elementor-hidden-desktop elementor-hidden-tablet elementor-widget elementor-widget-image\" data-id=\"d5529ae\" data-element_type=\"widget\" data-e-type=\"widget\" data-settings=\"{&quot;_animation_mobile&quot;:&quot;fadeIn&quot;}\" data-widget_type=\"image.default\">\n\t\t\t\t<div class=\"elementor-widget-container\">\n\t\t\t\t\t\t\t\t\t\t\t\t\t\t\t<img decoding=\"async\" width=\"400\" height=\"278\" src=\"https:\/\/aumavet-veterinaire.fr\/wp-content\/uploads\/2025\/05\/fond-tel-3-01.jpg\" class=\"attachment-large size-large wp-image-1308\" alt=\"\" srcset=\"https:\/\/aumavet-veterinaire.fr\/wp-content\/uploads\/2025\/05\/fond-tel-3-01.jpg 400w, https:\/\/aumavet-veterinaire.fr\/wp-content\/uploads\/2025\/05\/fond-tel-3-01-300x209.jpg 300w\" sizes=\"(max-width: 400px) 100vw, 400px\" \/>\t\t\t\t\t\t\t\t\t\t\t\t\t\t\t<\/div>\n\t\t\t\t<\/div>\n\t\t\t\t\t<\/div>\n\t\t<\/div>\n\t\t\t\t\t<\/div>\n\t\t<\/section>\n\t\t\t\t<section class=\"elementor-section elementor-top-section elementor-element elementor-element-262fb3e elementor-section-boxed elementor-section-height-default elementor-section-height-default\" data-id=\"262fb3e\" data-element_type=\"section\" data-e-type=\"section\">\n\t\t\t\t\t\t<div class=\"elementor-container elementor-column-gap-default\">\n\t\t\t\t\t<div class=\"elementor-column elementor-col-100 elementor-top-column elementor-element elementor-element-bd1ac9c\" data-id=\"bd1ac9c\" data-element_type=\"column\" data-e-type=\"column\">\n\t\t\t<div class=\"elementor-widget-wrap elementor-element-populated\">\n\t\t\t\t\t\t<div class=\"elementor-element elementor-element-31d88ad elementor-widget elementor-widget-text-editor\" data-id=\"31d88ad\" data-element_type=\"widget\" data-e-type=\"widget\" data-widget_type=\"text-editor.default\">\n\t\t\t\t<div class=\"elementor-widget-container\">\n\t\t\t\t\t\t\t\t\t<p>La clinique vous propose un service<strong> \u00ab\u00a0Click en Collect\u00a0\u00bb<\/strong> via le site myvetshop.fr.<\/p><p>C&rsquo;est une boutique en ligne sp\u00e9cialis\u00e9e dans la vente d&rsquo;aliments v\u00e9t\u00e9rinaires. Tous les produits ont \u00e9t\u00e9 s\u00e9lectionn\u00e9s par des v\u00e9t\u00e9rinaires et propos\u00e9s \u00e0 des tarifs tr\u00e8s avantageux !\u00a0<\/p><p>Pour cela, cr\u00e9ez votre compte sur myvetshop.fr &#8211; Code privil\u00e8ge de la clinique : <strong>AUM385<\/strong>. <em>La livraison est rapide et gratuite \u00e0 la clinique !<\/em><\/p>\t\t\t\t\t\t\t\t<\/div>\n\t\t\t\t<\/div>\n\t\t\t\t\t<\/div>\n\t\t<\/div>\n\t\t\t\t\t<\/div>\n\t\t<\/section>\n\t\t\t\t<section class=\"elementor-section elementor-top-section elementor-element elementor-element-fce699d elementor-section-boxed elementor-section-height-default elementor-section-height-default\" data-id=\"fce699d\" data-element_type=\"section\" data-e-type=\"section\">\n\t\t\t\t\t\t<div class=\"elementor-container elementor-column-gap-default\">\n\t\t\t\t\t<div class=\"elementor-column elementor-col-100 elementor-top-column elementor-element elementor-element-32a22ed animated-slow elementor-invisible\" data-id=\"32a22ed\" data-element_type=\"column\" data-e-type=\"column\" data-settings=\"{&quot;animation&quot;:&quot;fadeIn&quot;}\">\n\t\t\t<div class=\"elementor-widget-wrap elementor-element-populated\">\n\t\t\t\t\t\t<div class=\"elementor-element elementor-element-9bf966f elementor-hidden-mobile elementor-widget elementor-widget-image\" data-id=\"9bf966f\" data-element_type=\"widget\" data-e-type=\"widget\" data-widget_type=\"image.default\">\n\t\t\t\t<div class=\"elementor-widget-container\">\n\t\t\t\t\t\t\t\t\t\t\t\t\t\t\t\t<a href=\"https:\/\/www.myvetshop.fr\/\" target=\"_blank\">\n\t\t\t\t\t\t\t<img decoding=\"async\" width=\"978\" height=\"1024\" src=\"https:\/\/aumavet-veterinaire.fr\/wp-content\/uploads\/2024\/01\/myvetshop-01-978x1024.jpg\" class=\"attachment-large size-large wp-image-518\" alt=\"\" srcset=\"https:\/\/aumavet-veterinaire.fr\/wp-content\/uploads\/2024\/01\/myvetshop-01-978x1024.jpg 978w, https:\/\/aumavet-veterinaire.fr\/wp-content\/uploads\/2024\/01\/myvetshop-01-287x300.jpg 287w, https:\/\/aumavet-veterinaire.fr\/wp-content\/uploads\/2024\/01\/myvetshop-01-768x804.jpg 768w, https:\/\/aumavet-veterinaire.fr\/wp-content\/uploads\/2024\/01\/myvetshop-01-1468x1536.jpg 1468w, https:\/\/aumavet-veterinaire.fr\/wp-content\/uploads\/2024\/01\/myvetshop-01-1957x2048.jpg 1957w\" sizes=\"(max-width: 978px) 100vw, 978px\" \/>\t\t\t\t\t\t\t\t<\/a>\n\t\t\t\t\t\t\t\t\t\t\t\t\t\t\t<\/div>\n\t\t\t\t<\/div>\n\t\t\t\t\t<\/div>\n\t\t<\/div>\n\t\t\t\t\t<\/div>\n\t\t<\/section>\n\t\t\t\t<section class=\"elementor-section elementor-top-section elementor-element elementor-element-aff4ec6 elementor-section-full_width elementor-section-height-default elementor-section-height-default\" data-id=\"aff4ec6\" data-element_type=\"section\" data-e-type=\"section\">\n\t\t\t\t\t\t<div class=\"elementor-container elementor-column-gap-default\">\n\t\t\t\t\t<div class=\"elementor-column elementor-col-100 elementor-top-column elementor-element elementor-element-8d611aa\" data-id=\"8d611aa\" data-element_type=\"column\" data-e-type=\"column\">\n\t\t\t<div class=\"elementor-widget-wrap elementor-element-populated\">\n\t\t\t\t\t\t<div class=\"elementor-element elementor-element-a2f7501 animated-slow elementor-hidden-desktop elementor-hidden-tablet elementor-invisible elementor-widget elementor-widget-image\" data-id=\"a2f7501\" data-element_type=\"widget\" data-e-type=\"widget\" data-settings=\"{&quot;_animation&quot;:&quot;fadeIn&quot;}\" data-widget_type=\"image.default\">\n\t\t\t\t<div class=\"elementor-widget-container\">\n\t\t\t\t\t\t\t\t\t\t\t\t\t\t\t\t<a href=\"https:\/\/www.myvetshop.fr\/\" target=\"_blank\">\n\t\t\t\t\t\t\t<img loading=\"lazy\" decoding=\"async\" width=\"640\" height=\"2560\" src=\"https:\/\/aumavet-veterinaire.fr\/wp-content\/uploads\/2024\/01\/myvetshop-01MOB-01-01-scaled.jpg\" class=\"attachment-full size-full wp-image-547\" alt=\"\" srcset=\"https:\/\/aumavet-veterinaire.fr\/wp-content\/uploads\/2024\/01\/myvetshop-01MOB-01-01-scaled.jpg 640w, https:\/\/aumavet-veterinaire.fr\/wp-content\/uploads\/2024\/01\/myvetshop-01MOB-01-01-75x300.jpg 75w, https:\/\/aumavet-veterinaire.fr\/wp-content\/uploads\/2024\/01\/myvetshop-01MOB-01-01-256x1024.jpg 256w, https:\/\/aumavet-veterinaire.fr\/wp-content\/uploads\/2024\/01\/myvetshop-01MOB-01-01-384x1536.jpg 384w, https:\/\/aumavet-veterinaire.fr\/wp-content\/uploads\/2024\/01\/myvetshop-01MOB-01-01-512x2048.jpg 512w\" sizes=\"(max-width: 640px) 100vw, 640px\" \/>\t\t\t\t\t\t\t\t<\/a>\n\t\t\t\t\t\t\t\t\t\t\t\t\t\t\t<\/div>\n\t\t\t\t<\/div>\n\t\t\t\t\t<\/div>\n\t\t<\/div>\n\t\t\t\t\t<\/div>\n\t\t<\/section>\n\t\t\t\t<section class=\"elementor-section elementor-top-section elementor-element elementor-element-8e5d660 elementor-section-boxed elementor-section-height-default elementor-section-height-default\" data-id=\"8e5d660\" data-element_type=\"section\" data-e-type=\"section\">\n\t\t\t\t\t\t<div class=\"elementor-container elementor-column-gap-default\">\n\t\t\t\t\t<div class=\"elementor-column elementor-col-100 elementor-top-column elementor-element elementor-element-cbb47d0\" data-id=\"cbb47d0\" data-element_type=\"column\" data-e-type=\"column\">\n\t\t\t<div class=\"elementor-widget-wrap elementor-element-populated\">\n\t\t\t\t\t\t<div class=\"elementor-element elementor-element-4c3c98c e-transform elementor-invisible elementor-widget elementor-widget-image\" data-id=\"4c3c98c\" data-element_type=\"widget\" data-e-type=\"widget\" data-settings=\"{&quot;_animation&quot;:&quot;pulse&quot;,&quot;_animation_delay&quot;:1000,&quot;_transform_scale_effect_hover&quot;:{&quot;unit&quot;:&quot;px&quot;,&quot;size&quot;:1.2,&quot;sizes&quot;:[]},&quot;_transform_scale_effect_hover_tablet&quot;:{&quot;unit&quot;:&quot;px&quot;,&quot;size&quot;:&quot;&quot;,&quot;sizes&quot;:[]},&quot;_transform_scale_effect_hover_mobile&quot;:{&quot;unit&quot;:&quot;px&quot;,&quot;size&quot;:&quot;&quot;,&quot;sizes&quot;:[]}}\" data-widget_type=\"image.default\">\n\t\t\t\t<div class=\"elementor-widget-container\">\n\t\t\t\t\t\t\t\t\t\t\t\t\t\t\t\t<a href=\"https:\/\/www.myvetshop.fr\/\" target=\"_blank\">\n\t\t\t\t\t\t\t<img loading=\"lazy\" decoding=\"async\" width=\"300\" height=\"147\" src=\"https:\/\/aumavet-veterinaire.fr\/wp-content\/uploads\/2024\/01\/logo_my-vetshopCLIC-01-01-300x147.jpg\" class=\"attachment-medium size-medium wp-image-793\" alt=\"\" srcset=\"https:\/\/aumavet-veterinaire.fr\/wp-content\/uploads\/2024\/01\/logo_my-vetshopCLIC-01-01-300x147.jpg 300w, https:\/\/aumavet-veterinaire.fr\/wp-content\/uploads\/2024\/01\/logo_my-vetshopCLIC-01-01-1024x503.jpg 1024w, https:\/\/aumavet-veterinaire.fr\/wp-content\/uploads\/2024\/01\/logo_my-vetshopCLIC-01-01-768x377.jpg 768w, https:\/\/aumavet-veterinaire.fr\/wp-content\/uploads\/2024\/01\/logo_my-vetshopCLIC-01-01.jpg 1304w\" sizes=\"(max-width: 300px) 100vw, 300px\" \/>\t\t\t\t\t\t\t\t<\/a>\n\t\t\t\t\t\t\t\t\t\t\t\t\t\t\t<\/div>\n\t\t\t\t<\/div>\n\t\t\t\t\t<\/div>\n\t\t<\/div>\n\t\t\t\t\t<\/div>\n\t\t<\/section>\n\t\t\t\t<section class=\"elementor-section elementor-top-section elementor-element elementor-element-3a3b208 elementor-section-boxed elementor-section-height-default elementor-section-height-default\" data-id=\"3a3b208\" data-element_type=\"section\" data-e-type=\"section\">\n\t\t\t\t\t\t<div class=\"elementor-container elementor-column-gap-default\">\n\t\t\t\t\t<div class=\"elementor-column elementor-col-100 elementor-top-column elementor-element elementor-element-cf9d1ed\" data-id=\"cf9d1ed\" data-element_type=\"column\" data-e-type=\"column\">\n\t\t\t<div class=\"elementor-widget-wrap elementor-element-populated\">\n\t\t\t\t\t\t<div class=\"elementor-element elementor-element-a2b8fb6 elementor-widget elementor-widget-spacer\" data-id=\"a2b8fb6\" data-element_type=\"widget\" data-e-type=\"widget\" data-widget_type=\"spacer.default\">\n\t\t\t\t<div class=\"elementor-widget-container\">\n\t\t\t\t\t\t\t<div class=\"elementor-spacer\">\n\t\t\t<div class=\"elementor-spacer-inner\"><\/div>\n\t\t<\/div>\n\t\t\t\t\t\t<\/div>\n\t\t\t\t<\/div>\n\t\t\t\t\t<\/div>\n\t\t<\/div>\n\t\t\t\t\t<\/div>\n\t\t<\/section>\n\t\t\t\t<section class=\"elementor-section elementor-top-section elementor-element elementor-element-54f75123 elementor-section-full_width elementor-section-height-default elementor-section-height-default\" data-id=\"54f75123\" data-element_type=\"section\" data-e-type=\"section\">\n\t\t\t\t\t\t<div class=\"elementor-container elementor-column-gap-default\">\n\t\t\t\t\t<div class=\"elementor-column elementor-col-33 elementor-top-column elementor-element elementor-element-4edfaad7\" data-id=\"4edfaad7\" data-element_type=\"column\" data-e-type=\"column\" data-settings=\"{&quot;background_background&quot;:&quot;classic&quot;}\">\n\t\t\t<div class=\"elementor-widget-wrap elementor-element-populated\">\n\t\t\t\t\t\t<div class=\"elementor-element elementor-element-5d23fb6c elementor-widget elementor-widget-heading\" data-id=\"5d23fb6c\" data-element_type=\"widget\" data-e-type=\"widget\" data-widget_type=\"heading.default\">\n\t\t\t\t<div class=\"elementor-widget-container\">\n\t\t\t\t\t<h1 class=\"elementor-heading-title elementor-size-default\">La Clinique<\/h1>\t\t\t\t<\/div>\n\t\t\t\t<\/div>\n\t\t\t\t<div class=\"elementor-element elementor-element-598f9c9e e-transform elementor-widget elementor-widget-text-editor\" data-id=\"598f9c9e\" data-element_type=\"widget\" data-e-type=\"widget\" data-settings=\"{&quot;_transform_scale_effect_hover&quot;:{&quot;unit&quot;:&quot;px&quot;,&quot;size&quot;:1.1,&quot;sizes&quot;:[]},&quot;_transform_scale_effect_hover_tablet&quot;:{&quot;unit&quot;:&quot;px&quot;,&quot;size&quot;:&quot;&quot;,&quot;sizes&quot;:[]},&quot;_transform_scale_effect_hover_mobile&quot;:{&quot;unit&quot;:&quot;px&quot;,&quot;size&quot;:&quot;&quot;,&quot;sizes&quot;:[]}}\" data-widget_type=\"text-editor.default\">\n\t\t\t\t<div class=\"elementor-widget-container\">\n\t\t\t\t\t\t\t\t\t<p><a href=\"https:\/\/www.google.fr\/maps\/place\/CLINIQUE+VETERINAIRE+AUMAVET\/@45.3472052,5.3501514,17z\/data=!3m1!4b1!4m6!3m5!1s0x478adb12a2e2b03d:0x685bbaa39a54ce8c!8m2!3d45.3472015!4d5.3527263!16s%2Fg%2F11v190rylv?entry=ttu\">46 route de la Gare<\/a><\/p><p><a href=\"https:\/\/www.google.fr\/maps\/place\/CLINIQUE+VETERINAIRE+AUMAVET\/@45.3472052,5.3501514,17z\/data=!3m1!4b1!4m6!3m5!1s0x478adb12a2e2b03d:0x685bbaa39a54ce8c!8m2!3d45.3472015!4d5.3527263!16s%2Fg%2F11v190rylv?entry=ttu\">38590 &#8211; St ETIENNE DE St GEOIRS<\/a><\/p>\t\t\t\t\t\t\t\t<\/div>\n\t\t\t\t<\/div>\n\t\t\t\t<div class=\"elementor-element elementor-element-3a036697 elementor-invisible elementor-widget elementor-widget-text-editor\" data-id=\"3a036697\" data-element_type=\"widget\" data-e-type=\"widget\" data-settings=\"{&quot;_animation&quot;:&quot;pulse&quot;,&quot;_animation_delay&quot;:500}\" data-widget_type=\"text-editor.default\">\n\t\t\t\t<div class=\"elementor-widget-container\">\n\t\t\t\t\t\t\t\t\t<p><strong>04 76 37 34 29<\/strong><\/p>\t\t\t\t\t\t\t\t<\/div>\n\t\t\t\t<\/div>\n\t\t\t\t<div class=\"elementor-element elementor-element-64b8fd36 elementor-widget elementor-widget-text-editor\" data-id=\"64b8fd36\" data-element_type=\"widget\" data-e-type=\"widget\" data-widget_type=\"text-editor.default\">\n\t\t\t\t<div class=\"elementor-widget-container\">\n\t\t\t\t\t\t\t\t\t<p><em>URGENCE en dehors des heures d&rsquo;ouverture au m\u00eame num\u00e9ro<\/em><\/p>\t\t\t\t\t\t\t\t<\/div>\n\t\t\t\t<\/div>\n\t\t\t\t<div class=\"elementor-element elementor-element-2fa54f9c e-transform elementor-widget elementor-widget-image\" data-id=\"2fa54f9c\" data-element_type=\"widget\" data-e-type=\"widget\" data-settings=\"{&quot;_transform_scale_effect_hover&quot;:{&quot;unit&quot;:&quot;px&quot;,&quot;size&quot;:1.1,&quot;sizes&quot;:[]},&quot;_transform_scale_effect_hover_tablet&quot;:{&quot;unit&quot;:&quot;px&quot;,&quot;size&quot;:&quot;&quot;,&quot;sizes&quot;:[]},&quot;_transform_scale_effect_hover_mobile&quot;:{&quot;unit&quot;:&quot;px&quot;,&quot;size&quot;:&quot;&quot;,&quot;sizes&quot;:[]}}\" data-widget_type=\"image.default\">\n\t\t\t\t<div class=\"elementor-widget-container\">\n\t\t\t\t\t\t\t\t\t\t\t\t\t\t\t\t<a href=\"https:\/\/m.facebook.com\/p\/Cabinet-V%C3%A9t%C3%A9rinaire-Aumavet-100094222626930\/\">\n\t\t\t\t\t\t\t<img loading=\"lazy\" decoding=\"async\" width=\"286\" height=\"76\" src=\"https:\/\/aumavet-veterinaire.fr\/wp-content\/uploads\/2024\/01\/logo-facebook-01-01.jpg\" class=\"attachment-large size-large wp-image-459\" alt=\"\" \/>\t\t\t\t\t\t\t\t<\/a>\n\t\t\t\t\t\t\t\t\t\t\t\t\t\t\t<\/div>\n\t\t\t\t<\/div>\n\t\t\t\t\t<\/div>\n\t\t<\/div>\n\t\t\t\t<div class=\"elementor-column elementor-col-33 elementor-top-column elementor-element elementor-element-6f384d04\" data-id=\"6f384d04\" data-element_type=\"column\" data-e-type=\"column\" data-settings=\"{&quot;background_background&quot;:&quot;classic&quot;}\">\n\t\t\t<div class=\"elementor-widget-wrap elementor-element-populated\">\n\t\t\t\t\t\t<div class=\"elementor-element elementor-element-309ff47b elementor-widget elementor-widget-heading\" data-id=\"309ff47b\" data-element_type=\"widget\" data-e-type=\"widget\" data-widget_type=\"heading.default\">\n\t\t\t\t<div class=\"elementor-widget-container\">\n\t\t\t\t\t<h1 class=\"elementor-heading-title elementor-size-default\">Les Horaires<\/h1>\t\t\t\t<\/div>\n\t\t\t\t<\/div>\n\t\t\t\t<div class=\"elementor-element elementor-element-55f4503 elementor-widget__width-inherit elementor-widget elementor-widget-text-editor\" data-id=\"55f4503\" data-element_type=\"widget\" data-e-type=\"widget\" data-widget_type=\"text-editor.default\">\n\t\t\t\t<div class=\"elementor-widget-container\">\n\t\t\t\t\t\t\t\t\t<p>lundi&nbsp; &nbsp; &nbsp; &nbsp; &nbsp;8h30-12h00&nbsp; &nbsp; &nbsp; 14h00-19h00<\/p>\n<p>mardi&nbsp; &nbsp; &nbsp; &nbsp; 8h30-12h00&nbsp; &nbsp; &nbsp; 14h00-19h00<\/p>\n<p>mercredi&nbsp; &nbsp; 8h30-12h00&nbsp; &nbsp; &nbsp; 14h00-19h00<\/p>\n<p>jeudi<strong>&nbsp; &nbsp; &nbsp; &nbsp; &nbsp;<\/strong>8h30-12h00&nbsp; &nbsp; &nbsp; 14h00-19h00<\/p>\n<p>vendredi&nbsp; &nbsp; 8h30-12h00&nbsp; &nbsp; &nbsp; 14h00-19h00<\/p>\n<p>samedi&nbsp; &nbsp; &nbsp; 8h30-12h00&nbsp; &nbsp; &nbsp; &nbsp; &nbsp; &nbsp;ferm\u00e9&nbsp; &nbsp;&nbsp;<\/p>\n<p>dimanche&nbsp; &nbsp; &nbsp; &nbsp;ferm\u00e9&nbsp; &nbsp; &nbsp; &nbsp; &nbsp; &nbsp; &nbsp; &nbsp; &nbsp; &nbsp; &nbsp; &nbsp; &nbsp;&nbsp;<\/p>\t\t\t\t\t\t\t\t<\/div>\n\t\t\t\t<\/div>\n\t\t\t\t<div class=\"elementor-element elementor-element-2cd0b123 elementor-widget elementor-widget-image\" data-id=\"2cd0b123\" data-element_type=\"widget\" data-e-type=\"widget\" data-widget_type=\"image.default\">\n\t\t\t\t<div class=\"elementor-widget-container\">\n\t\t\t\t\t\t\t\t\t\t\t\t\t\t\t\t<a href=\"https:\/\/aumavet-veterinaire.fr\/index.php\/prendre-rendez-vous\/\">\n\t\t\t\t\t\t\t<img loading=\"lazy\" decoding=\"async\" width=\"300\" height=\"167\" src=\"https:\/\/aumavet-veterinaire.fr\/wp-content\/uploads\/2023\/06\/picto-aumavet-rendez-vous-PDP-01-300x167.jpg\" class=\"elementor-animation-grow attachment-medium size-medium wp-image-194\" alt=\"\" srcset=\"https:\/\/aumavet-veterinaire.fr\/wp-content\/uploads\/2023\/06\/picto-aumavet-rendez-vous-PDP-01-300x167.jpg 300w, https:\/\/aumavet-veterinaire.fr\/wp-content\/uploads\/2023\/06\/picto-aumavet-rendez-vous-PDP-01-e1687767271858.jpg 131w\" sizes=\"(max-width: 300px) 100vw, 300px\" \/>\t\t\t\t\t\t\t\t<\/a>\n\t\t\t\t\t\t\t\t\t\t\t\t\t\t\t<\/div>\n\t\t\t\t<\/div>\n\t\t\t\t\t<\/div>\n\t\t<\/div>\n\t\t\t\t<div class=\"elementor-column elementor-col-33 elementor-top-column elementor-element elementor-element-2166a033\" data-id=\"2166a033\" data-element_type=\"column\" data-e-type=\"column\" data-settings=\"{&quot;background_background&quot;:&quot;classic&quot;}\">\n\t\t\t<div class=\"elementor-widget-wrap elementor-element-populated\">\n\t\t\t\t\t\t<div class=\"elementor-element elementor-element-5a4bd5de elementor-widget__width-initial elementor-widget elementor-widget-heading\" data-id=\"5a4bd5de\" data-element_type=\"widget\" data-e-type=\"widget\" data-widget_type=\"heading.default\">\n\t\t\t\t<div class=\"elementor-widget-container\">\n\t\t\t\t\t<h1 class=\"elementor-heading-title elementor-size-default\">La Boutique en ligne<\/h1>\t\t\t\t<\/div>\n\t\t\t\t<\/div>\n\t\t\t\t<div class=\"elementor-element elementor-element-4b29bcac elementor-widget elementor-widget-text-editor\" data-id=\"4b29bcac\" data-element_type=\"widget\" data-e-type=\"widget\" data-widget_type=\"text-editor.default\">\n\t\t\t\t<div class=\"elementor-widget-container\">\n\t\t\t\t\t\t\t\t\t<p>Retrouvez notre boutique en ligne<br \/>avec des aliments et produits v\u00e9t\u00e9rinaires<br \/>pour vos animaux de compagnie.<\/p>\t\t\t\t\t\t\t\t<\/div>\n\t\t\t\t<\/div>\n\t\t\t\t<div class=\"elementor-element elementor-element-15af1af5 e-transform elementor-widget elementor-widget-image\" data-id=\"15af1af5\" data-element_type=\"widget\" data-e-type=\"widget\" data-settings=\"{&quot;_transform_scale_effect_hover&quot;:{&quot;unit&quot;:&quot;px&quot;,&quot;size&quot;:1.1,&quot;sizes&quot;:[]},&quot;_transform_scale_effect_hover_tablet&quot;:{&quot;unit&quot;:&quot;px&quot;,&quot;size&quot;:&quot;&quot;,&quot;sizes&quot;:[]},&quot;_transform_scale_effect_hover_mobile&quot;:{&quot;unit&quot;:&quot;px&quot;,&quot;size&quot;:&quot;&quot;,&quot;sizes&quot;:[]}}\" data-widget_type=\"image.default\">\n\t\t\t\t<div class=\"elementor-widget-container\">\n\t\t\t\t\t\t\t\t\t\t\t\t\t\t\t\t<a href=\"https:\/\/aumavet-veterinaire.fr\/index.php\/la-boutique\/\">\n\t\t\t\t\t\t\t<img loading=\"lazy\" decoding=\"async\" width=\"204\" height=\"185\" src=\"https:\/\/aumavet-veterinaire.fr\/wp-content\/uploads\/2023\/06\/picto-aumavet-boutique-PDP-v01-01.jpg\" class=\"elementor-animation-grow attachment-medium size-medium wp-image-199\" alt=\"\" \/>\t\t\t\t\t\t\t\t<\/a>\n\t\t\t\t\t\t\t\t\t\t\t\t\t\t\t<\/div>\n\t\t\t\t<\/div>\n\t\t\t\t\t<\/div>\n\t\t<\/div>\n\t\t\t\t\t<\/div>\n\t\t<\/section>\n\t\t\t\t<\/div>\n\t\t","protected":false},"excerpt":{"rendered":"<p>La clinique vous propose un service \u00ab\u00a0Click en Collect\u00a0\u00bb via le site myvetshop.fr. C&rsquo;est une boutique en ligne sp\u00e9cialis\u00e9e dans la vente d&rsquo;aliments v\u00e9t\u00e9rinaires. Tous les produits ont \u00e9t\u00e9 s\u00e9lectionn\u00e9s par des v\u00e9t\u00e9rinaires et propos\u00e9s \u00e0 des tarifs tr\u00e8s avantageux !\u00a0 Pour cela, cr\u00e9ez votre compte sur myvetshop.fr &#8211; Code privil\u00e8ge de la clinique : [&hellip;]<\/p>\n","protected":false},"author":1,"featured_media":0,"parent":0,"menu_order":0,"comment_status":"closed","ping_status":"closed","template":"","meta":{"ocean_post_layout":"","ocean_both_sidebars_style":"","ocean_both_sidebars_content_width":0,"ocean_both_sidebars_sidebars_width":0,"ocean_sidebar":"","ocean_second_sidebar":"","ocean_disable_margins":"enable","ocean_add_body_class":"","ocean_shortcode_before_top_bar":"","ocean_shortcode_after_top_bar":"","ocean_shortcode_before_header":"","ocean_shortcode_after_header":"","ocean_has_shortcode":"","ocean_shortcode_after_title":"","ocean_shortcode_before_footer_widgets":"","ocean_shortcode_after_footer_widgets":"","ocean_shortcode_before_footer_bottom":"","ocean_shortcode_after_footer_bottom":"","ocean_display_top_bar":"default","ocean_display_header":"default","ocean_header_style":"","ocean_center_header_left_menu":"","ocean_custom_header_template":"","ocean_custom_logo":0,"ocean_custom_retina_logo":0,"ocean_custom_logo_max_width":0,"ocean_custom_logo_tablet_max_width":0,"ocean_custom_logo_mobile_max_width":0,"ocean_custom_logo_max_height":0,"ocean_custom_logo_tablet_max_height":0,"ocean_custom_logo_mobile_max_height":0,"ocean_header_custom_menu":"","ocean_menu_typo_font_family":"","ocean_menu_typo_font_subset":"","ocean_menu_typo_font_size":0,"ocean_menu_typo_font_size_tablet":0,"ocean_menu_typo_font_size_mobile":0,"ocean_menu_typo_font_size_unit":"px","ocean_menu_typo_font_weight":"","ocean_menu_typo_font_weight_tablet":"","ocean_menu_typo_font_weight_mobile":"","ocean_menu_typo_transform":"","ocean_menu_typo_transform_tablet":"","ocean_menu_typo_transform_mobile":"","ocean_menu_typo_line_height":0,"ocean_menu_typo_line_height_tablet":0,"ocean_menu_typo_line_height_mobile":0,"ocean_menu_typo_line_height_unit":"","ocean_menu_typo_spacing":0,"ocean_menu_typo_spacing_tablet":0,"ocean_menu_typo_spacing_mobile":0,"ocean_menu_typo_spacing_unit":"","ocean_menu_link_color":"","ocean_menu_link_color_hover":"","ocean_menu_link_color_active":"","ocean_menu_link_background":"","ocean_menu_link_hover_background":"","ocean_menu_link_active_background":"","ocean_menu_social_links_bg":"","ocean_menu_social_hover_links_bg":"","ocean_menu_social_links_color":"","ocean_menu_social_hover_links_color":"","ocean_disable_title":"default","ocean_disable_heading":"default","ocean_post_title":"","ocean_post_subheading":"","ocean_post_title_style":"","ocean_post_title_background_color":"","ocean_post_title_background":0,"ocean_post_title_bg_image_position":"","ocean_post_title_bg_image_attachment":"","ocean_post_title_bg_image_repeat":"","ocean_post_title_bg_image_size":"","ocean_post_title_height":0,"ocean_post_title_bg_overlay":0.5,"ocean_post_title_bg_overlay_color":"","ocean_disable_breadcrumbs":"default","ocean_breadcrumbs_color":"","ocean_breadcrumbs_separator_color":"","ocean_breadcrumbs_links_color":"","ocean_breadcrumbs_links_hover_color":"","ocean_display_footer_widgets":"default","ocean_display_footer_bottom":"default","ocean_custom_footer_template":"","footnotes":""},"class_list":["post-37","page","type-page","status-publish","hentry","entry"],"_links":{"self":[{"href":"https:\/\/aumavet-veterinaire.fr\/index.php\/wp-json\/wp\/v2\/pages\/37","targetHints":{"allow":["GET"]}}],"collection":[{"href":"https:\/\/aumavet-veterinaire.fr\/index.php\/wp-json\/wp\/v2\/pages"}],"about":[{"href":"https:\/\/aumavet-veterinaire.fr\/index.php\/wp-json\/wp\/v2\/types\/page"}],"author":[{"embeddable":true,"href":"https:\/\/aumavet-veterinaire.fr\/index.php\/wp-json\/wp\/v2\/users\/1"}],"replies":[{"embeddable":true,"href":"https:\/\/aumavet-veterinaire.fr\/index.php\/wp-json\/wp\/v2\/comments?post=37"}],"version-history":[{"count":73,"href":"https:\/\/aumavet-veterinaire.fr\/index.php\/wp-json\/wp\/v2\/pages\/37\/revisions"}],"predecessor-version":[{"id":1438,"href":"https:\/\/aumavet-veterinaire.fr\/index.php\/wp-json\/wp\/v2\/pages\/37\/revisions\/1438"}],"wp:attachment":[{"href":"https:\/\/aumavet-veterinaire.fr\/index.php\/wp-json\/wp\/v2\/media?parent=37"}],"curies":[{"name":"wp","href":"https:\/\/api.w.org\/{rel}","templated":true}]}}